{"id":1772,"date":"2017-11-14T03:06:06","date_gmt":"2017-11-14T03:06:06","guid":{"rendered":"http:\/\/www.garlicprocess.com\/?page_id=1772"},"modified":"2017-11-14T03:06:06","modified_gmt":"2017-11-14T03:06:06","slug":"about-us","status":"publish","type":"page","link":"https:\/\/www.garlicprocess.com\/pt-br\/about-us\/","title":{"rendered":"About Us"},"content":{"rendered":"<p>Romiter Machinery Co., Ltd. \u00e9 um designer l\u00edder do mercado e um fabricante de M\u00e1quina de processamento de alho com 10 anos de experi\u00eancia. Nos \u00faltimos 10 anos, nos concentramos em pesquisar e projetar a maquinaria que poderia processar o alho em diferentes tipos<\/p>\n<p><img decoding=\"async\" class=\"alignnone size-large wp-image-753\" src=\"https:\/\/www.garlicprocess.com\/wp-content\/uploads\/2016\/12\/Banner6-Garlic-Clove-Separating-Machine-1024x267.jpg\" alt=\"Banner6-Garlic-Clove-Separating-Machine\" width=\"1024\" height=\"267\" srcset=\"https:\/\/www.garlicprocess.com\/wp-content\/uploads\/2016\/12\/Banner6-Garlic-Clove-Separating-Machine-1024x267.jpg 1024w, https:\/\/www.garlicprocess.com\/wp-content\/uploads\/2016\/12\/Banner6-Garlic-Clove-Separating-Machine-300x78.jpg 300w, https:\/\/www.garlicprocess.com\/wp-content\/uploads\/2016\/12\/Banner6-Garlic-Clove-Separating-Machine-768x200.jpg 768w, https:\/\/www.garlicprocess.com\/wp-content\/uploads\/2016\/12\/Banner6-Garlic-Clove-Separating-Machine.jpg 1920w\" sizes=\"(max-width: 1024px) 100vw, 1024px\" \/><\/p>\n<p>A Romiter Machinery ganha grande reputa\u00e7\u00e3o por produtos com alta efici\u00eancia, excelente confiabilidade, f\u00e1cil manuten\u00e7\u00e3o e longa vida \u00fatil. A Romiter possui uma excelente equipe de suporte t\u00e9cnico, incluindo maquinistas e t\u00e9cnicos de servi\u00e7o altamente experientes. Todas as nossas m\u00e1quinas equipam componentes de marca confi\u00e1veis. Isso nos permite oferecer aos nossos clientes m\u00e1quinas de processamento de alho de alta qualidade cont\u00ednua e de alta qualidade a pre\u00e7os competitivos.<\/p>\n<p><a href=\"https:\/\/www.garlicprocess.com\/automatic-garlic-grader-machine\/\"><img decoding=\"async\" class=\"alignnone size-large wp-image-295\" src=\"https:\/\/www.garlicprocess.com\/wp-content\/uploads\/2016\/10\/Banner3-Automatic-Garlic-Grader-Machine-1024x267.jpg\" alt=\"banner3-automatic-garlic-grader-machine\" width=\"1024\" height=\"267\" srcset=\"https:\/\/www.garlicprocess.com\/wp-content\/uploads\/2016\/10\/Banner3-Automatic-Garlic-Grader-Machine-1024x267.jpg 1024w, https:\/\/www.garlicprocess.com\/wp-content\/uploads\/2016\/10\/Banner3-Automatic-Garlic-Grader-Machine-300x78.jpg 300w, https:\/\/www.garlicprocess.com\/wp-content\/uploads\/2016\/10\/Banner3-Automatic-Garlic-Grader-Machine-768x200.jpg 768w, https:\/\/www.garlicprocess.com\/wp-content\/uploads\/2016\/10\/Banner3-Automatic-Garlic-Grader-Machine.jpg 1920w\" sizes=\"(max-width: 1024px) 100vw, 1024px\" \/><\/a><\/p>\n<p>Nosso servi\u00e7o, profissionalismo, experi\u00eancia e experi\u00eancia ganharam um grande n\u00famero de clientes satisfeitos, nos ganharam sua confian\u00e7a e nos deu a credibilidade para trabalhar com v\u00e1rias empresas, tanto grandes quanto pequenas, em toda a regi\u00e3o do Oriente M\u00e9dio, Am\u00e9rica do Norte e do Sul, Europa, Oceania, \u00c1sia e \u00c1frica, etc.<\/p>\n<p><img decoding=\"async\" class=\"alignnone size-large wp-image-754\" src=\"https:\/\/www.garlicprocess.com\/wp-content\/uploads\/2016\/12\/Banner4-Automatic-Garlic-Clove-Peeling-Machine-and-Garlic-Clove-Peeler-Machine-1024x267.jpg\" alt=\"Banner4-Automatic-Garlic-Clove-Peeling-Machine-and-Garlic-Clove-Peeler-Machine\" width=\"1024\" height=\"267\" srcset=\"https:\/\/www.garlicprocess.com\/wp-content\/uploads\/2016\/12\/Banner4-Automatic-Garlic-Clove-Peeling-Machine-and-Garlic-Clove-Peeler-Machine-1024x267.jpg 1024w, https:\/\/www.garlicprocess.com\/wp-content\/uploads\/2016\/12\/Banner4-Automatic-Garlic-Clove-Peeling-Machine-and-Garlic-Clove-Peeler-Machine-300x78.jpg 300w, https:\/\/www.garlicprocess.com\/wp-content\/uploads\/2016\/12\/Banner4-Automatic-Garlic-Clove-Peeling-Machine-and-Garlic-Clove-Peeler-Machine-768x200.jpg 768w, https:\/\/www.garlicprocess.com\/wp-content\/uploads\/2016\/12\/Banner4-Automatic-Garlic-Clove-Peeling-Machine-and-Garlic-Clove-Peeler-Machine.jpg 1920w\" sizes=\"(max-width: 1024px) 100vw, 1024px\" \/><\/p>\n<p>M\u00e1quina de processamento de alho de Romiter Requisito de qualidade da Europa. Com Certifica\u00e7\u00e3o CE, o Cliente n\u00e3o precisa se preocupar com a importa\u00e7\u00e3o<\/p>\n<p><img decoding=\"async\" class=\"alignnone size-large wp-image-65\" src=\"https:\/\/www.garlicprocess.com\/wp-content\/uploads\/2016\/07\/Banner1-Automatic-Garlic-Dosing-Mesh-Bag-Packing-Machine-1024x267.jpg\" alt=\"Banner1-Automatic-Garlic-Dosing-Mesh-Bag-Packing-Machine\" width=\"1024\" height=\"267\" srcset=\"https:\/\/www.garlicprocess.com\/wp-content\/uploads\/2016\/07\/Banner1-Automatic-Garlic-Dosing-Mesh-Bag-Packing-Machine-1024x267.jpg 1024w, https:\/\/www.garlicprocess.com\/wp-content\/uploads\/2016\/07\/Banner1-Automatic-Garlic-Dosing-Mesh-Bag-Packing-Machine-300x78.jpg 300w, https:\/\/www.garlicprocess.com\/wp-content\/uploads\/2016\/07\/Banner1-Automatic-Garlic-Dosing-Mesh-Bag-Packing-Machine-768x200.jpg 768w, https:\/\/www.garlicprocess.com\/wp-content\/uploads\/2016\/07\/Banner1-Automatic-Garlic-Dosing-Mesh-Bag-Packing-Machine.jpg 1920w\" sizes=\"(max-width: 1024px) 100vw, 1024px\" \/><\/p>\n<p><span style=\"font-family: verdana,geneva;\">Romiter Group provides a complete Garlic Processing Solution, which includes but is not limited to:<\/span><\/p>\n<ol>\n<li>Garlic Peeling Machine<\/li>\n<li>Garlic Clove Separating Machine<\/li>\n<li>Garlic Cleaning Machine<\/li>\n<li>Garlic Powder Production Line<\/li>\n<li>Garlic Packing Machine<\/li>\n<li>Garlic Grader Machine<\/li>\n<li>Garlic Harvester Machine<\/li>\n<\/ol>\n<p>Romiter Group can provide customized products for customers. Welcome to contact with us for more information.<\/p>\n<p>Facebook Page: <a href=\"https:\/\/www.facebook.com\/GarlicProcessingMachine\/\" rel=\"no follow\">https:\/\/www.facebook.com\/GarlicProcessingMachine\/<\/a><\/p>\n\n<div class=\"wpcf7 no-js\" id=\"wpcf7-f5-o1\" lang=\"en-US\" dir=\"ltr\" data-wpcf7-id=\"5\">\n<div class=\"screen-reader-response\"><p role=\"status\" aria-live=\"polite\" aria-atomic=\"true\"><\/p> <ul><\/ul><\/div>\n<form action=\"\/pt-br\/wp-json\/wp\/v2\/pages\/1772#wpcf7-f5-o1\" method=\"post\" class=\"wpcf7-form init\" aria-label=\"Contact form\" novalidate=\"novalidate\" data-status=\"init\">\n<fieldset class=\"hidden-fields-container\"><input type=\"hidden\" name=\"_wpcf7\" value=\"5\" \/><input type=\"hidden\" name=\"_wpcf7_version\" value=\"6.1.5\" \/><input type=\"hidden\" name=\"_wpcf7_locale\" value=\"en_US\" \/><input type=\"hidden\" name=\"_wpcf7_unit_tag\" value=\"wpcf7-f5-o1\" \/><input type=\"hidden\" name=\"_wpcf7_container_post\" value=\"0\" \/><input type=\"hidden\" name=\"_wpcf7_posted_data_hash\" value=\"\" \/>\n<\/fieldset>\n<div id=\"inquiryForm\">\n\t<h2>Send Us Inquiry to Get Quotation\n\t<\/h2>\n\t<p>Please enter your contact information and the details you want to know about our product.\n\t<\/p>\n\t<p>Your Name (required)\n\t<\/p>\n\t<p><span class=\"wpcf7-form-control-wrap\" data-name=\"your-name\"><input size=\"40\" maxlength=\"400\" class=\"wpcf7-form-control wpcf7-text wpcf7-validates-as-required\" aria-required=\"true\" aria-invalid=\"false\" value=\"\" type=\"text\" name=\"your-name\" \/><\/span>\n\t<\/p>\n\t<p>Your Email (required)\n\t<\/p>\n\t<p><span class=\"wpcf7-form-control-wrap\" data-name=\"your-email\"><input size=\"40\" maxlength=\"400\" class=\"wpcf7-form-control wpcf7-email wpcf7-validates-as-required wpcf7-text wpcf7-validates-as-email\" aria-required=\"true\" aria-invalid=\"false\" value=\"\" type=\"email\" name=\"your-email\" \/><\/span>\n\t<\/p>\n\t<p>Country\n\t<\/p>\n\t<p><span class=\"wpcf7-form-control-wrap\" data-name=\"your-country\"><input size=\"40\" maxlength=\"400\" class=\"wpcf7-form-control wpcf7-text\" aria-invalid=\"false\" placeholder=\"Tell us Your Country\" value=\"\" type=\"text\" name=\"your-country\" \/><\/span>\n\t<\/p>\n\t<p>WhatsApp\n\t<\/p>\n\t<p><span class=\"wpcf7-form-control-wrap\" data-name=\"your-whatsapp\"><input size=\"40\" maxlength=\"400\" class=\"wpcf7-form-control wpcf7-text\" aria-invalid=\"false\" placeholder=\"Your WhatsApp ID with Country Code\" value=\"\" type=\"text\" name=\"your-whatsapp\" \/><\/span>\n\t<\/p>\n\t<p>Subject\n\t<\/p>\n\t<p><span class=\"wpcf7-form-control-wrap\" data-name=\"your-subject\"><input size=\"40\" maxlength=\"400\" class=\"wpcf7-form-control wpcf7-text\" aria-invalid=\"false\" value=\"\" type=\"text\" name=\"your-subject\" \/><\/span>\n\t<\/p>\n\t<p>Your Message\n\t<\/p>\n\t<p><span class=\"wpcf7-form-control-wrap\" data-name=\"your-message\"><textarea cols=\"40\" rows=\"10\" maxlength=\"2000\" class=\"wpcf7-form-control wpcf7-textarea\" aria-invalid=\"false\" placeholder=\"please specify your detail requirement here\" name=\"your-message\"><\/textarea><\/span>\n\t<\/p>\n\t<p><input class=\"wpcf7-form-control wpcf7-submit has-spinner\" type=\"submit\" value=\"Send\" \/>\n\t<\/p>\n<\/div><p style=\"display: none !important;\" class=\"akismet-fields-container\" data-prefix=\"_wpcf7_ak_\"><label>&#916;<textarea name=\"_wpcf7_ak_hp_textarea\" cols=\"45\" rows=\"8\" maxlength=\"100\"><\/textarea><\/label><input type=\"hidden\" id=\"ak_js_1\" name=\"_wpcf7_ak_js\" value=\"142\"\/><script type=\"text\/javascript\">\n\/* <![CDATA[ *\/\ndocument.getElementById( \"ak_js_1\" ).setAttribute( \"value\", ( new Date() ).getTime() );\n\/* ]]> *\/\n<\/script>\n<\/p><div class=\"wpcf7-response-output\" aria-hidden=\"true\"><\/div>\n<\/form>\n<\/div>\n\n","protected":false},"excerpt":{"rendered":"<p>Romiter Machinery Co., Ltd. \u00e9 um designer l\u00edder do mercado e um fabricante de M\u00e1quina de processamento de alho com 10 anos de experi\u00eancia. Nos \u00faltimos 10 anos, nos concentramos em pesquisar e projetar a maquinaria que poderia processar o alho em diferentes tipos A Romiter Machinery ganha grande reputa\u00e7\u00e3o por produtos com alta efici\u00eancia, excelente confiabilidade, f\u00e1cil manuten\u00e7\u00e3o e longa vida \u00fatil. A Romiter possui uma excelente equipe de suporte t\u00e9cnico, incluindo maquinistas e t\u00e9cnicos de servi\u00e7o altamente experientes. Todas as nossas m\u00e1quinas equipam componentes de marca confi\u00e1veis. Isso nos permite oferecer aos nossos clientes m\u00e1quinas de processamento de alho de alta qualidade cont\u00ednua e de alta qualidade a pre\u00e7os competitivos. Nosso servi\u00e7o, profissionalismo, experi\u00eancia e experi\u00eancia ganharam um grande n\u00famero de clientes satisfeitos, nos ganharam sua confian\u00e7a e nos deu a credibilidade para trabalhar com v\u00e1rias empresas, tanto grandes quanto pequenas, em toda a regi\u00e3o do Oriente M\u00e9dio, Am\u00e9rica do Norte e do Sul, Europa, Oceania, \u00c1sia e &#8230;<\/p>\n","protected":false},"author":1,"featured_media":0,"parent":0,"menu_order":0,"comment_status":"closed","ping_status":"closed","template":"","meta":{"footnotes":""},"class_list":["post-1772","page","type-page","status-publish","hentry"],"aioseo_notices":[],"_links":{"self":[{"href":"https:\/\/www.garlicprocess.com\/pt-br\/wp-json\/wp\/v2\/pages\/1772","targetHints":{"allow":["GET"]}}],"collection":[{"href":"https:\/\/www.garlicprocess.com\/pt-br\/wp-json\/wp\/v2\/pages"}],"about":[{"href":"https:\/\/www.garlicprocess.com\/pt-br\/wp-json\/wp\/v2\/types\/page"}],"author":[{"embeddable":true,"href":"https:\/\/www.garlicprocess.com\/pt-br\/wp-json\/wp\/v2\/users\/1"}],"replies":[{"embeddable":true,"href":"https:\/\/www.garlicprocess.com\/pt-br\/wp-json\/wp\/v2\/comments?post=1772"}],"version-history":[{"count":0,"href":"https:\/\/www.garlicprocess.com\/pt-br\/wp-json\/wp\/v2\/pages\/1772\/revisions"}],"wp:attachment":[{"href":"https:\/\/www.garlicprocess.com\/pt-br\/wp-json\/wp\/v2\/media?parent=1772"}],"curies":[{"name":"wp","href":"https:\/\/api.w.org\/{rel}","templated":true}]}}