{"id":1768,"date":"2017-11-14T03:04:35","date_gmt":"2017-11-14T03:04:35","guid":{"rendered":"http:\/\/www.garlicprocess.com\/?page_id=1768"},"modified":"2017-11-14T03:04:35","modified_gmt":"2017-11-14T03:04:35","slug":"a-propos-de-nous","status":"publish","type":"page","link":"https:\/\/www.garlicprocess.com\/fr\/a-propos-de-nous\/","title":{"rendered":"\u00c0 propos de nous"},"content":{"rendered":"<p>Romiter Machinery Co., Ltd. est un concepteur leader du march\u00e9 et un fabricant de machine de traitement de l&rsquo;ail avec 10 ans d&rsquo;exp\u00e9rience. Au cours des 10 derni\u00e8res ann\u00e9es, nous nous sommes concentr\u00e9s sur la recherche et la conception de la machinerie qui pourrait transformer l&rsquo;ail en diff\u00e9rents types<\/p>\n<p><img decoding=\"async\" class=\"alignnone size-large wp-image-753\" src=\"https:\/\/www.garlicprocess.com\/wp-content\/uploads\/2016\/12\/Banner6-Garlic-Clove-Separating-Machine-1024x267.jpg\" alt=\"Banner6-Garlic-Clove-Separating-Machine\" width=\"1024\" height=\"267\" srcset=\"https:\/\/www.garlicprocess.com\/wp-content\/uploads\/2016\/12\/Banner6-Garlic-Clove-Separating-Machine-1024x267.jpg 1024w, https:\/\/www.garlicprocess.com\/wp-content\/uploads\/2016\/12\/Banner6-Garlic-Clove-Separating-Machine-300x78.jpg 300w, https:\/\/www.garlicprocess.com\/wp-content\/uploads\/2016\/12\/Banner6-Garlic-Clove-Separating-Machine-768x200.jpg 768w, https:\/\/www.garlicprocess.com\/wp-content\/uploads\/2016\/12\/Banner6-Garlic-Clove-Separating-Machine.jpg 1920w\" sizes=\"(max-width: 1024px) 100vw, 1024px\" \/><\/p>\n<p>Romiter Machinery gagne une grande r\u00e9putation pour ses produits \u00e0 haut rendement, excellente fiabilit\u00e9, entretien facile et longue dur\u00e9e de vie. Romiter a une excellente \u00e9quipe de soutien technique, y compris des machinistes et des techniciens de service hautement exp\u00e9riment\u00e9s. Toutes nos machines sont \u00e9quip\u00e9es de composants de marque fiables. Cela nous permet de fournir \u00e0 nos clients une machine de traitement de l&rsquo;ail de haute qualit\u00e9 continue et de haute qualit\u00e9 \u00e0 des prix comp\u00e9titifs.<\/p>\n<p><a href=\"https:\/\/www.garlicprocess.com\/automatic-garlic-grader-machine\/\"><img decoding=\"async\" class=\"alignnone size-large wp-image-295\" src=\"https:\/\/www.garlicprocess.com\/wp-content\/uploads\/2016\/10\/Banner3-Automatic-Garlic-Grader-Machine-1024x267.jpg\" alt=\"banner3-automatic-garlic-grader-machine\" width=\"1024\" height=\"267\" srcset=\"https:\/\/www.garlicprocess.com\/wp-content\/uploads\/2016\/10\/Banner3-Automatic-Garlic-Grader-Machine-1024x267.jpg 1024w, https:\/\/www.garlicprocess.com\/wp-content\/uploads\/2016\/10\/Banner3-Automatic-Garlic-Grader-Machine-300x78.jpg 300w, https:\/\/www.garlicprocess.com\/wp-content\/uploads\/2016\/10\/Banner3-Automatic-Garlic-Grader-Machine-768x200.jpg 768w, https:\/\/www.garlicprocess.com\/wp-content\/uploads\/2016\/10\/Banner3-Automatic-Garlic-Grader-Machine.jpg 1920w\" sizes=\"(max-width: 1024px) 100vw, 1024px\" \/><\/a><\/p>\n<p>Notre service, notre professionnalisme, notre exp\u00e9rience et notre expertise ont gagn\u00e9 un grand nombre de clients satisfaits, nous ont m\u00e9rit\u00e9 leur confiance et nous ont donn\u00e9 la cr\u00e9dibilit\u00e9 de travailler avec diverses soci\u00e9t\u00e9s &#8212; grandes et petites, dans le Moyen-Orient, en Am\u00e9rique du Nord et du Sud, Europe, Oc\u00e9anie, Asie et Afrique, etc.<\/p>\n<p><img decoding=\"async\" class=\"alignnone size-large wp-image-754\" src=\"https:\/\/www.garlicprocess.com\/wp-content\/uploads\/2016\/12\/Banner4-Automatic-Garlic-Clove-Peeling-Machine-and-Garlic-Clove-Peeler-Machine-1024x267.jpg\" alt=\"Banner4-Automatic-Garlic-Clove-Peeling-Machine-and-Garlic-Clove-Peeler-Machine\" width=\"1024\" height=\"267\" srcset=\"https:\/\/www.garlicprocess.com\/wp-content\/uploads\/2016\/12\/Banner4-Automatic-Garlic-Clove-Peeling-Machine-and-Garlic-Clove-Peeler-Machine-1024x267.jpg 1024w, https:\/\/www.garlicprocess.com\/wp-content\/uploads\/2016\/12\/Banner4-Automatic-Garlic-Clove-Peeling-Machine-and-Garlic-Clove-Peeler-Machine-300x78.jpg 300w, https:\/\/www.garlicprocess.com\/wp-content\/uploads\/2016\/12\/Banner4-Automatic-Garlic-Clove-Peeling-Machine-and-Garlic-Clove-Peeler-Machine-768x200.jpg 768w, https:\/\/www.garlicprocess.com\/wp-content\/uploads\/2016\/12\/Banner4-Automatic-Garlic-Clove-Peeling-Machine-and-Garlic-Clove-Peeler-Machine.jpg 1920w\" sizes=\"(max-width: 1024px) 100vw, 1024px\" \/><\/p>\n<p>Romiter Garlic Processing Machine viande Europe Exigence de qualit\u00e9. avec la certification CE, le client n&rsquo;a pas besoin de s&rsquo;inqui\u00e9ter de l&rsquo;importation<\/p>\n<p><img decoding=\"async\" class=\"alignnone size-large wp-image-65\" src=\"https:\/\/www.garlicprocess.com\/wp-content\/uploads\/2016\/07\/Banner1-Automatic-Garlic-Dosing-Mesh-Bag-Packing-Machine-1024x267.jpg\" alt=\"Banner1-Automatic-Garlic-Dosing-Mesh-Bag-Packing-Machine\" width=\"1024\" height=\"267\" srcset=\"https:\/\/www.garlicprocess.com\/wp-content\/uploads\/2016\/07\/Banner1-Automatic-Garlic-Dosing-Mesh-Bag-Packing-Machine-1024x267.jpg 1024w, https:\/\/www.garlicprocess.com\/wp-content\/uploads\/2016\/07\/Banner1-Automatic-Garlic-Dosing-Mesh-Bag-Packing-Machine-300x78.jpg 300w, https:\/\/www.garlicprocess.com\/wp-content\/uploads\/2016\/07\/Banner1-Automatic-Garlic-Dosing-Mesh-Bag-Packing-Machine-768x200.jpg 768w, https:\/\/www.garlicprocess.com\/wp-content\/uploads\/2016\/07\/Banner1-Automatic-Garlic-Dosing-Mesh-Bag-Packing-Machine.jpg 1920w\" sizes=\"(max-width: 1024px) 100vw, 1024px\" \/><\/p>\n<p><span style=\"font-family: verdana,geneva;\">Romiter Group provides a complete Garlic Processing Solution, which includes but is not limited to:<\/span><\/p>\n<ol>\n<li>Garlic Peeling Machine<\/li>\n<li>Garlic Clove Separating Machine<\/li>\n<li>Garlic Cleaning Machine<\/li>\n<li>Garlic Powder Production Line<\/li>\n<li>Garlic Packing Machine<\/li>\n<li>Garlic Grader Machine<\/li>\n<li>Garlic Harvester Machine<\/li>\n<\/ol>\n<p>Romiter Group can provide customized products for customers. Welcome to contact with us for more information.<\/p>\n<p>Facebook Page: <a href=\"https:\/\/www.facebook.com\/GarlicProcessingMachine\/\" rel=\"no follow\">https:\/\/www.facebook.com\/GarlicProcessingMachine\/<\/a><\/p>\n\n<div class=\"wpcf7 no-js\" id=\"wpcf7-f5-o1\" lang=\"en-US\" dir=\"ltr\" data-wpcf7-id=\"5\">\n<div class=\"screen-reader-response\"><p role=\"status\" aria-live=\"polite\" aria-atomic=\"true\"><\/p> <ul><\/ul><\/div>\n<form action=\"\/fr\/wp-json\/wp\/v2\/pages\/1768#wpcf7-f5-o1\" method=\"post\" class=\"wpcf7-form init\" aria-label=\"Contact form\" novalidate=\"novalidate\" data-status=\"init\">\n<fieldset class=\"hidden-fields-container\"><input type=\"hidden\" name=\"_wpcf7\" value=\"5\" \/><input type=\"hidden\" name=\"_wpcf7_version\" value=\"6.1.5\" \/><input type=\"hidden\" name=\"_wpcf7_locale\" value=\"en_US\" \/><input type=\"hidden\" name=\"_wpcf7_unit_tag\" value=\"wpcf7-f5-o1\" \/><input type=\"hidden\" name=\"_wpcf7_container_post\" value=\"0\" \/><input type=\"hidden\" name=\"_wpcf7_posted_data_hash\" value=\"\" \/>\n<\/fieldset>\n<div id=\"inquiryForm\">\n\t<h2>Send Us Inquiry to Get Quotation\n\t<\/h2>\n\t<p>Please enter your contact information and the details you want to know about our product.\n\t<\/p>\n\t<p>Your Name (required)\n\t<\/p>\n\t<p><span class=\"wpcf7-form-control-wrap\" data-name=\"your-name\"><input size=\"40\" maxlength=\"400\" class=\"wpcf7-form-control wpcf7-text wpcf7-validates-as-required\" aria-required=\"true\" aria-invalid=\"false\" value=\"\" type=\"text\" name=\"your-name\" \/><\/span>\n\t<\/p>\n\t<p>Your Email (required)\n\t<\/p>\n\t<p><span class=\"wpcf7-form-control-wrap\" data-name=\"your-email\"><input size=\"40\" maxlength=\"400\" class=\"wpcf7-form-control wpcf7-email wpcf7-validates-as-required wpcf7-text wpcf7-validates-as-email\" aria-required=\"true\" aria-invalid=\"false\" value=\"\" type=\"email\" name=\"your-email\" \/><\/span>\n\t<\/p>\n\t<p>Country\n\t<\/p>\n\t<p><span class=\"wpcf7-form-control-wrap\" data-name=\"your-country\"><input size=\"40\" maxlength=\"400\" class=\"wpcf7-form-control wpcf7-text\" aria-invalid=\"false\" placeholder=\"Tell us Your Country\" value=\"\" type=\"text\" name=\"your-country\" \/><\/span>\n\t<\/p>\n\t<p>WhatsApp\n\t<\/p>\n\t<p><span class=\"wpcf7-form-control-wrap\" data-name=\"your-whatsapp\"><input size=\"40\" maxlength=\"400\" class=\"wpcf7-form-control wpcf7-text\" aria-invalid=\"false\" placeholder=\"Your WhatsApp ID with Country Code\" value=\"\" type=\"text\" name=\"your-whatsapp\" \/><\/span>\n\t<\/p>\n\t<p>Subject\n\t<\/p>\n\t<p><span class=\"wpcf7-form-control-wrap\" data-name=\"your-subject\"><input size=\"40\" maxlength=\"400\" class=\"wpcf7-form-control wpcf7-text\" aria-invalid=\"false\" value=\"\" type=\"text\" name=\"your-subject\" \/><\/span>\n\t<\/p>\n\t<p>Your Message\n\t<\/p>\n\t<p><span class=\"wpcf7-form-control-wrap\" data-name=\"your-message\"><textarea cols=\"40\" rows=\"10\" maxlength=\"2000\" class=\"wpcf7-form-control wpcf7-textarea\" aria-invalid=\"false\" placeholder=\"please specify your detail requirement here\" name=\"your-message\"><\/textarea><\/span>\n\t<\/p>\n\t<p><input class=\"wpcf7-form-control wpcf7-submit has-spinner\" type=\"submit\" value=\"Send\" \/>\n\t<\/p>\n<\/div><p style=\"display: none !important;\" class=\"akismet-fields-container\" data-prefix=\"_wpcf7_ak_\"><label>&#916;<textarea name=\"_wpcf7_ak_hp_textarea\" cols=\"45\" rows=\"8\" maxlength=\"100\"><\/textarea><\/label><input type=\"hidden\" id=\"ak_js_1\" name=\"_wpcf7_ak_js\" value=\"87\"\/><script>document.getElementById( \"ak_js_1\" ).setAttribute( \"value\", ( new Date() ).getTime() );<\/script><\/p><div class=\"wpcf7-response-output\" aria-hidden=\"true\"><\/div>\n<\/form>\n<\/div>\n\n","protected":false},"excerpt":{"rendered":"<p>Romiter Machinery Co., Ltd. est un concepteur leader du march\u00e9 et un fabricant de machine de traitement de l&rsquo;ail avec 10 ans d&rsquo;exp\u00e9rience. Au cours des 10 derni\u00e8res ann\u00e9es, nous nous sommes concentr\u00e9s sur la recherche et la conception de la machinerie qui pourrait transformer l&rsquo;ail en diff\u00e9rents types Romiter Machinery gagne une grande r\u00e9putation pour ses produits \u00e0 haut rendement, excellente fiabilit\u00e9, entretien facile et longue dur\u00e9e de vie. Romiter a une excellente \u00e9quipe de soutien technique, y compris des machinistes et des techniciens de service hautement exp\u00e9riment\u00e9s. Toutes nos machines sont \u00e9quip\u00e9es de composants de marque fiables. Cela nous permet de fournir \u00e0 nos clients une machine de traitement de l&rsquo;ail de haute qualit\u00e9 continue et de haute qualit\u00e9 \u00e0 des prix comp\u00e9titifs. Notre service, notre professionnalisme, notre exp\u00e9rience et notre expertise ont gagn\u00e9 un grand nombre de clients satisfaits, nous ont m\u00e9rit\u00e9 leur confiance et nous ont donn\u00e9 la cr\u00e9dibilit\u00e9 de travailler avec diverses soci\u00e9t\u00e9s &#8212; grandes &#8230;<\/p>\n","protected":false},"author":1,"featured_media":0,"parent":0,"menu_order":0,"comment_status":"closed","ping_status":"closed","template":"","meta":{"footnotes":""},"class_list":["post-1768","page","type-page","status-publish","hentry"],"aioseo_notices":[],"_links":{"self":[{"href":"https:\/\/www.garlicprocess.com\/fr\/wp-json\/wp\/v2\/pages\/1768","targetHints":{"allow":["GET"]}}],"collection":[{"href":"https:\/\/www.garlicprocess.com\/fr\/wp-json\/wp\/v2\/pages"}],"about":[{"href":"https:\/\/www.garlicprocess.com\/fr\/wp-json\/wp\/v2\/types\/page"}],"author":[{"embeddable":true,"href":"https:\/\/www.garlicprocess.com\/fr\/wp-json\/wp\/v2\/users\/1"}],"replies":[{"embeddable":true,"href":"https:\/\/www.garlicprocess.com\/fr\/wp-json\/wp\/v2\/comments?post=1768"}],"version-history":[{"count":0,"href":"https:\/\/www.garlicprocess.com\/fr\/wp-json\/wp\/v2\/pages\/1768\/revisions"}],"wp:attachment":[{"href":"https:\/\/www.garlicprocess.com\/fr\/wp-json\/wp\/v2\/media?parent=1768"}],"curies":[{"name":"wp","href":"https:\/\/api.w.org\/{rel}","templated":true}]}}